{"id":1081,"date":"2023-08-24T17:28:46","date_gmt":"2023-08-24T17:28:46","guid":{"rendered":"https:\/\/drcristinavaduva.com\/?page_id=1081"},"modified":"2024-11-13T15:43:35","modified_gmt":"2024-11-13T15:43:35","slug":"aviso-legal","status":"publish","type":"page","link":"https:\/\/drcristinavaduva.com\/ro\/aviso-legal\/","title":{"rendered":"Aviso Legal"},"content":{"rendered":"<div data-elementor-type=\"wp-page\" data-elementor-id=\"1081\" class=\"elementor elementor-1081\" data-elementor-post-type=\"page\">\n\t\t\t\t\t\t<section class=\"elementor-section elementor-top-section elementor-element elementor-element-3b5dbd32 elementor-section-boxed elementor-section-height-default elementor-section-height-default\" data-id=\"3b5dbd32\" data-element_type=\"section\" data-e-type=\"section\" data-settings=\"{&quot;background_background&quot;:&quot;classic&quot;}\">\n\t\t\t\t\t\t\t<div class=\"elementor-background-overlay\"><\/div>\n\t\t\t\t\t\t\t<div class=\"elementor-container elementor-column-gap-default\">\n\t\t\t\t\t<div class=\"elementor-column elementor-col-100 elementor-top-column elementor-element elementor-element-60fcd48b\" data-id=\"60fcd48b\" data-element_type=\"column\" data-e-type=\"column\">\n\t\t\t<div class=\"elementor-widget-wrap elementor-element-populated\">\n\t\t\t\t\t\t<section class=\"elementor-section elementor-inner-section elementor-element elementor-element-6eb9a934 elementor-section-boxed elementor-section-height-default elementor-section-height-default\" data-id=\"6eb9a934\" data-element_type=\"section\" data-e-type=\"section\">\n\t\t\t\t\t\t<div class=\"elementor-container elementor-column-gap-default\">\n\t\t\t\t\t<div class=\"elementor-column elementor-col-100 elementor-inner-column elementor-element elementor-element-2710b5ba\" data-id=\"2710b5ba\" data-element_type=\"column\" data-e-type=\"column\">\n\t\t\t<div class=\"elementor-widget-wrap elementor-element-populated\">\n\t\t\t\t\t\t<div class=\"elementor-element elementor-element-1b61b36c elementor-widget elementor-widget-heading\" data-id=\"1b61b36c\" data-element_type=\"widget\" data-e-type=\"widget\" data-widget_type=\"heading.default\">\n\t\t\t\t<div class=\"elementor-widget-container\">\n\t\t\t\t\t<h1 class=\"elementor-heading-title elementor-size-default\">Aviso Legal:\n<\/h1>\t\t\t\t<\/div>\n\t\t\t\t<\/div>\n\t\t\t\t<div class=\"elementor-element elementor-element-5042f361 elementor-widget elementor-widget-text-editor\" data-id=\"5042f361\" data-element_type=\"widget\" data-e-type=\"widget\" data-widget_type=\"text-editor.default\">\n\t\t\t\t<div class=\"elementor-widget-container\">\n\t\t\t\t\t\t\t\t\t<p><span style=\"font-weight: 400;\">En cumplimiento del art\u00edculo 10 de la Ley 34\/2002, de 11 de julio, de Servicios de la Sociedad de la Informaci\u00f3n y del Comercio Electr\u00f3nico (LSSICE), <\/span><b>Cristina Vaduva <\/b><span style=\"font-weight: 400;\">(en adelante, \u201cDr. Cristina Vaduva\u201d), responsable de esta web, pone a disposici\u00f3n de los Usuarios la presente informaci\u00f3n, para definir sus Condiciones de Uso.<\/span><\/p><p><span style=\"font-weight: 400;\">Adicionalmente a los contenidos aqu\u00ed expuestos, los aspectos espec\u00edficos relacionados con la protecci\u00f3n de los datos personales y la privacidad de los usuarios de esta web se desarrollan en las p\u00e1ginas de Pol\u00edtica de Privacidad y Pol\u00edtica de Cookies.<\/span><\/p>\t\t\t\t\t\t\t\t<\/div>\n\t\t\t\t<\/div>\n\t\t\t\t<div class=\"elementor-element elementor-element-2b16119 elementor-widget elementor-widget-heading\" data-id=\"2b16119\" data-element_type=\"widget\" data-e-type=\"widget\" data-widget_type=\"heading.default\">\n\t\t\t\t<div class=\"elementor-widget-container\">\n\t\t\t\t\t<h2 class=\"elementor-heading-title elementor-size-default\">Identidad del responsable del Tratamiento\n<\/h2>\t\t\t\t<\/div>\n\t\t\t\t<\/div>\n\t\t\t\t<div class=\"elementor-element elementor-element-d37dd8b elementor-widget elementor-widget-text-editor\" data-id=\"d37dd8b\" data-element_type=\"widget\" data-e-type=\"widget\" data-widget_type=\"text-editor.default\">\n\t\t\t\t<div class=\"elementor-widget-container\">\n\t\t\t\t\t\t\t\t\t<ul><li style=\"font-weight: 400;\" aria-level=\"1\"><span style=\"font-weight: 400;\">Denominaci\u00f3n Social: Cristina Vaduva\u00a0<\/span><\/li><li style=\"font-weight: 400;\" aria-level=\"1\"><span style=\"font-weight: 400;\">Nombre Comercial: Cl\u00ednica Dr. Vaduva<\/span><\/li><li style=\"font-weight: 400;\" aria-level=\"1\"><span style=\"font-weight: 400;\">CIF \/ NIE: Y3468129L<\/span><\/li><li style=\"font-weight: 400;\" aria-level=\"1\"><span style=\"font-weight: 400;\">Domicilio Social: Calle Mercedes Formica 5, 2D, Las Rozas de Madrid, 28232<\/span><\/li><li style=\"font-weight: 400;\" aria-level=\"1\"><span style=\"font-weight: 400;\">Actividad Principal: \u00abOTRAS ACTIVIDADES SANITARIAS\u00bb (CNAE: 8690). \u2013 \u00abLA GESTI\u00d3N INTEGRAL DE CENTRO CL\u00cdNICO MULTIDISCIPLINAR PARA LA PRESTACI\u00d3N DE [-] SERVICIOS DE MEDICINA GENERAL, TODA CLASE DE ESPECIALIDADES M\u00c9DICAS, DENTISTA, MEDICINA LABORAL Y EMISI\u00d3N DE INFORMES PSICOT\u00c9CNICOS, CONSULTOR\u00cdA M\u00c9DICA Y DESARROLLO<\/span><\/li><li style=\"font-weight: 400;\" aria-level=\"1\"><span style=\"font-weight: 400;\">Tel\u00e9fono:\u00a0 +34 603 40 17 72<\/span><\/li><li style=\"font-weight: 400;\" aria-level=\"1\"><span style=\"font-weight: 400;\">E-Mail:\u00a0 info@drcristinavaduva.com<\/span><\/li><li style=\"font-weight: 400;\" aria-level=\"1\"><span style=\"font-weight: 400;\">Nombre de Dominio: https:\/\/drcristinavaduva.com\/\u00a0\u00a0<\/span><\/li><li style=\"font-weight: 400;\" aria-level=\"1\"><span style=\"font-weight: 400;\">Registro de Tratamientos conforme al RGPD: Clientes\/Proveedores, Listas de Correo, Empleados, Selecci\u00f3n de Personal, Historias Cl\u00ednicas y Usuarios Web.<\/span><\/li><\/ul>\t\t\t\t\t\t\t\t<\/div>\n\t\t\t\t<\/div>\n\t\t\t\t<div class=\"elementor-element elementor-element-6ff97d2 elementor-widget elementor-widget-heading\" data-id=\"6ff97d2\" data-element_type=\"widget\" data-e-type=\"widget\" data-widget_type=\"heading.default\">\n\t\t\t\t<div class=\"elementor-widget-container\">\n\t\t\t\t\t<h2 class=\"elementor-heading-title elementor-size-default\">Finalidad de la Web\n<\/h2>\t\t\t\t<\/div>\n\t\t\t\t<\/div>\n\t\t\t\t<div class=\"elementor-element elementor-element-2b550e3 elementor-widget elementor-widget-text-editor\" data-id=\"2b550e3\" data-element_type=\"widget\" data-e-type=\"widget\" data-widget_type=\"text-editor.default\">\n\t\t\t\t<div class=\"elementor-widget-container\">\n\t\t\t\t\t\t\t\t\t<p><span style=\"font-weight: 400;\">La web de \u201c<\/span><b>Dr. Cristina Vaduva<\/b><span style=\"font-weight: 400;\">\u201d tiene la finalidad de informar a clientes y potenciales clientes de sus productos y\/o servicios, datos de contacto, ubicaci\u00f3n, etc. Adem\u00e1s, en su caso, tambi\u00e9n tendr\u00e1 la finalidad de divulgar informaci\u00f3n relacionada con el sector de actividad del Responsable.<\/span><\/p>\t\t\t\t\t\t\t\t<\/div>\n\t\t\t\t<\/div>\n\t\t\t\t<div class=\"elementor-element elementor-element-cfec3b8 elementor-widget elementor-widget-heading\" data-id=\"cfec3b8\" data-element_type=\"widget\" data-e-type=\"widget\" data-widget_type=\"heading.default\">\n\t\t\t\t<div class=\"elementor-widget-container\">\n\t\t\t\t\t<h2 class=\"elementor-heading-title elementor-size-default\">Marco Normativo\n<\/h2>\t\t\t\t<\/div>\n\t\t\t\t<\/div>\n\t\t\t\t<div class=\"elementor-element elementor-element-85818c6 elementor-widget elementor-widget-text-editor\" data-id=\"85818c6\" data-element_type=\"widget\" data-e-type=\"widget\" data-widget_type=\"text-editor.default\">\n\t\t\t\t<div class=\"elementor-widget-container\">\n\t\t\t\t\t\t\t\t\t<p><span style=\"font-weight: 400;\">La actividad de esta web se encuentra sujeta al marco legal espa\u00f1ol y europeo, concretamente a las siguientes normas:<\/span><\/p><ul><li aria-level=\"1\"><span style=\"font-weight: 400;\">Reglamento General de Protecci\u00f3n de Datos (RGPD) (UE) 2016\/679, de 27 de abril, que regula el tratamiento de datos personales en los pa\u00edses de la Uni\u00f3n Europea.<\/span><\/li><\/ul><ul><li aria-level=\"1\"><span style=\"font-weight: 400;\">Ley Org\u00e1nica 3\/2018, de 5 de diciembre, sobre Protecci\u00f3n de Datos Personales y Garant\u00eda de los Derechos Digitales (LOPD y GDD), norma de \u00e1mbito regional (aplicable a Espa\u00f1a), y que define y ampl\u00eda muchos de los conceptos y derechos presentes en el RGPD.<\/span><\/li><li aria-level=\"1\"><span style=\"font-weight: 400;\">Ley 34\/2002, de 11 de julio, de Servicios de la Sociedad de la Informaci\u00f3n y del Comercio Electr\u00f3nico (LSSICE), norma que afecta a aquellas webs que, de alguna forma, realicen actividades econ\u00f3micas mediante medios electr\u00f3nicos, como es el caso de esta web.<\/span><\/li><\/ul>\t\t\t\t\t\t\t\t<\/div>\n\t\t\t\t<\/div>\n\t\t\t\t<div class=\"elementor-element elementor-element-845596c elementor-widget elementor-widget-heading\" data-id=\"845596c\" data-element_type=\"widget\" data-e-type=\"widget\" data-widget_type=\"heading.default\">\n\t\t\t\t<div class=\"elementor-widget-container\">\n\t\t\t\t\t<h2 class=\"elementor-heading-title elementor-size-default\">Condiciones de Uso y Responsabilidades\n<\/h2>\t\t\t\t<\/div>\n\t\t\t\t<\/div>\n\t\t\t\t<div class=\"elementor-element elementor-element-67d9a1a elementor-widget elementor-widget-text-editor\" data-id=\"67d9a1a\" data-element_type=\"widget\" data-e-type=\"widget\" data-widget_type=\"text-editor.default\">\n\t\t\t\t<div class=\"elementor-widget-container\">\n\t\t\t\t\t\t\t\t\t<p><span style=\"font-weight: 400;\">Toda persona que acceda a este sitio web asume el papel de Usuario, comprometi\u00e9ndose a la observancia y cumplimiento riguroso de las condiciones aqu\u00ed dispuestas, as\u00ed como a cualquiera otra disposici\u00f3n legal que fuera de aplicaci\u00f3n. \u201cDr. Cristina Vaduva\u201d no se har\u00e1 responsable de los da\u00f1os y perjuicios, propios o a terceros, producidos por el uso inadecuado de este sitio web por parte del Usuario.<\/span><\/p><p><span style=\"font-weight: 400;\">El contenido de esta web, por tanto, no puede ser considerado, en ning\u00fan caso, sustitutivo de asesoramiento legal.<\/span><\/p><p><span style=\"font-weight: 400;\">\u201cDr. Cristina Vaduva\u201d se reserva el derecho a modificar cualquier tipo de informaci\u00f3n que pudiera aparecer en la web, en cualquier momento y sin previo aviso, sin que exista obligaci\u00f3n de preavisar o poner en conocimiento de los Usuarios dichas obligaciones, entendi\u00e9ndose como suficiente la publicaci\u00f3n en el presente sitio web.<\/span><\/p><p><span style=\"font-weight: 400;\">Este sitio web ha sido revisado y probado para que funcione correctamente de manera ininterrumpida. No obstante, \u201cDr. Cristina Vaduva\u201d no descarta la posibilidad de que existan ciertos errores de programaci\u00f3n, falta de disponibilidad puntual (por ejemplo, ca\u00eddas del servidor, o mantenimiento del mismo) o que acontezcan causas de fuerza mayor, cat\u00e1strofes naturales, huelgas, o circunstancias semejantes que hagan imposible el acceso temporal a la p\u00e1gina web.\u00a0<\/span><\/p><p><span style=\"font-weight: 400;\">De igual forma, \u201cDr. Cristina Vaduva\u201d no\u00a0puede\u00a0garantizar el funcionamiento ininterrumpido o totalmente libre de errores de esta web, ni se responsabiliza de los virus que tengan su origen en una transmisi\u00f3n telem\u00e1tica infiltrados por terceros generados con la finalidad de obtener resultados negativos para un sistema inform\u00e1tico.<\/span><\/p><p><span style=\"font-weight: 400;\">El Usuario se compromete a no utilizar esta web ni, si es el caso, los servicios o productos ofrecidos en la misma, para la realizaci\u00f3n de actividades contrarias a la ley, al orden p\u00fablico o a estas condiciones de uso. Por tanto, \u201cDr. Cristina Vaduva\u201d no se hace responsable de la informaci\u00f3n y contenidos almacenados, a t\u00edtulo enunciativo, pero no limitativo, en foros, chat\u00b4s, generadores de blogs, comentarios, redes sociales o cualquier otro medio que permita a terceros publicar contenidos.\u00a0<\/span><\/p><p><span style=\"font-weight: 400;\">No obstante, y en cumplimiento de lo dispuesto en el art. 11 y 16 de la LSSI-CE, \u201cDr. Cristina Vaduva\u201d se pone a disposici\u00f3n de todos los Usuarios, autoridades y fuerzas de seguridad, colaborando de forma activa en la retirada o en su caso bloqueo de todos aquellos contenidos que pudieran afectar o contravenir la legislaci\u00f3n nacional, o internacional, derechos de terceros, o la moral y el orden p\u00fablico. En caso de que un Usuario considere que existe en la web alg\u00fan contenido que pudiera ser susceptible de esta clasificaci\u00f3n, se ruega lo notifique de forma inmediata a nuestro personal.<\/span><\/p><p><span style=\"font-weight: 400;\">\u201cDr. Cristina Vaduva\u201d se reserva el derecho a denegar o retirar el acceso a la web sin necesidad de advertencia previa, a instancia propia o de un tercero, a aquellos Usuarios que incumplan nuestras Condiciones de Uso.<\/span><\/p>\t\t\t\t\t\t\t\t<\/div>\n\t\t\t\t<\/div>\n\t\t\t\t<div class=\"elementor-element elementor-element-61fff60 elementor-widget elementor-widget-heading\" data-id=\"61fff60\" data-element_type=\"widget\" data-e-type=\"widget\" data-widget_type=\"heading.default\">\n\t\t\t\t<div class=\"elementor-widget-container\">\n\t\t\t\t\t<h2 class=\"elementor-heading-title elementor-size-default\">Propiedad Intelectual<\/h2>\t\t\t\t<\/div>\n\t\t\t\t<\/div>\n\t\t\t\t<div class=\"elementor-element elementor-element-b3cc3fd elementor-widget elementor-widget-text-editor\" data-id=\"b3cc3fd\" data-element_type=\"widget\" data-e-type=\"widget\" data-widget_type=\"text-editor.default\">\n\t\t\t\t<div class=\"elementor-widget-container\">\n\t\t\t\t\t\t\t\t\t<p><span style=\"font-weight: 400;\">El sitio web, incluyendo a t\u00edtulo enunciativo, pero no limitativo su programaci\u00f3n, edici\u00f3n, compilaci\u00f3n y dem\u00e1s elementos necesarios para su funcionamiento, los dise\u00f1os, logotipos, texto y\/o gr\u00e1ficos son propiedad de \u201cDr. Cristina Vaduva\u201d o, en su caso, dispone de licencia o autorizaci\u00f3n expresa por parte de los autores.\u00a0<\/span><\/p><p><span style=\"font-weight: 400;\">Todos los contenidos del sitio web se encuentran debidamente protegidos por la normativa de propiedad intelectual e industrial, as\u00ed como inscritos en los registros p\u00fablicos correspondientes, y no se permite la reproducci\u00f3n y\/o publicaci\u00f3n, total o parcial, del sitio web, ni su tratamiento inform\u00e1tico, su distribuci\u00f3n, difusi\u00f3n,\u00a0modificaci\u00f3n o transformaci\u00f3n, sin el permiso previo y por escrito del mismo. \u201cDr. Cristina Vaduva\u201d velar\u00e1 por el cumplimiento de las anteriores condiciones, as\u00ed como por la debida utilizaci\u00f3n de los contenidos presentados en sus p\u00e1ginas web, ejercitando todas las acciones civiles y penales que le correspondan en el caso de infracci\u00f3n o incumplimiento de estos derechos por parte del Usuario.<\/span><\/p><p><span style=\"font-weight: 400;\">Los dise\u00f1os, logotipos, texto y\/o gr\u00e1ficos ajenos a \u201cDr. Cristina Vaduva\u201d y que pudieran aparecer en el sitio web, pertenecen a sus respectivos propietarios, siendo ellos mismos responsables de cualquier posible controversia que pudiera suscitarse respecto a los mismos.\u00a0<\/span><\/p><p><span style=\"font-weight: 400;\">En todo caso, \u201cDr. Cristina Vaduva\u201d cuenta con la autorizaci\u00f3n expresa y previa por parte de estos. \u201cDr. Cristina Vaduva\u201d reconoce a favor de sus titulares los correspondientes derechos de propiedad industrial e intelectual, no implicando su sola menci\u00f3n o aparici\u00f3n en el sitio web la existencia de derechos o responsabilidad alguna del responsable sobre los mismos, como tampoco respaldo, patrocinio o recomendaci\u00f3n por parte del mismo.<\/span><\/p>\t\t\t\t\t\t\t\t<\/div>\n\t\t\t\t<\/div>\n\t\t\t\t<div class=\"elementor-element elementor-element-9ab82ed elementor-widget elementor-widget-heading\" data-id=\"9ab82ed\" data-element_type=\"widget\" data-e-type=\"widget\" data-widget_type=\"heading.default\">\n\t\t\t\t<div class=\"elementor-widget-container\">\n\t\t\t\t\t<h2 class=\"elementor-heading-title elementor-size-default\">Enlaces de terceros<\/h2>\t\t\t\t<\/div>\n\t\t\t\t<\/div>\n\t\t\t\t<div class=\"elementor-element elementor-element-45231fc elementor-widget elementor-widget-text-editor\" data-id=\"45231fc\" data-element_type=\"widget\" data-e-type=\"widget\" data-widget_type=\"text-editor.default\">\n\t\t\t\t<div class=\"elementor-widget-container\">\n\t\t\t\t\t\t\t\t\t<p><span style=\"font-weight: 400;\">\u201cDr. Cristina Vaduva\u201d puede poner a\u00a0disposici\u00f3n del\u00a0Usuario\u00a0enlaces u otros elementos que permiten el acceso hacia otros sitios web pertenecientes a terceros. No comercializamos los productos y\/o servicios de dichas p\u00e1ginas enlazadas, ni asumimos ning\u00fan tipo de responsabilidad sobre las mismas, ni sobre la informaci\u00f3n contenida en ellas, ni su veracidad o licitud,\u00a0ni de cualesquiera efectos que pudieran derivarse.<\/span><\/p><p><span style=\"font-weight: 400;\">En todo caso, \u201cDr. Cristina Vaduva\u201d manifiesta que proceder\u00e1 a la retirada inmediata de cualquier contenido que pudiera contravenir la legislaci\u00f3n nacional o internacional, la moral o el orden p\u00fablico, procediendo a la retirada inmediata de la redirecci\u00f3n a dicho sitio web, poniendo en conocimiento de las autoridades competentes el contenido en cuesti\u00f3n.<\/span><\/p>\t\t\t\t\t\t\t\t<\/div>\n\t\t\t\t<\/div>\n\t\t\t\t<div class=\"elementor-element elementor-element-bead347 elementor-widget elementor-widget-heading\" data-id=\"bead347\" data-element_type=\"widget\" data-e-type=\"widget\" data-widget_type=\"heading.default\">\n\t\t\t\t<div class=\"elementor-widget-container\">\n\t\t\t\t\t<h2 class=\"elementor-heading-title elementor-size-default\">Ley Aplicable y Jurisdicci\u00f3n<\/h2>\t\t\t\t<\/div>\n\t\t\t\t<\/div>\n\t\t\t\t<div class=\"elementor-element elementor-element-5c3d91a elementor-widget elementor-widget-text-editor\" data-id=\"5c3d91a\" data-element_type=\"widget\" data-e-type=\"widget\" data-widget_type=\"text-editor.default\">\n\t\t\t\t<div class=\"elementor-widget-container\">\n\t\t\t\t\t\t\t\t\t<p><span style=\"font-weight: 400;\">El idioma de redacci\u00f3n e interpretaci\u00f3n de este aviso legal es el espa\u00f1ol.<\/span><\/p><p><span style=\"font-weight: 400;\">La relaci\u00f3n entre \u201cDr. Cristina Vaduva\u201d y Usuario se rige en todos y cada uno de sus extremos por la ley espa\u00f1ola, a la que se someten expresamente ambas partes ante cualquier controversia o cuesti\u00f3n relacionada con el presente sitio web o las actividades en \u00e9l desarrolladas.\u00a0<\/span><\/p><p><span style=\"font-weight: 400;\">Por su parte, en el caso de que el usuario tenga su domicilio fuera de Espa\u00f1a, \u201cDr. Cristina Vaduva\u201d y Usuario se someten, con renuncia expresa a cualquier otro fuero, a los Juzgados y Tribunales competentes de Espa\u00f1a.<\/span><\/p>\t\t\t\t\t\t\t\t<\/div>\n\t\t\t\t<\/div>\n\t\t\t\t\t<\/div>\n\t\t<\/div>\n\t\t\t\t\t<\/div>\n\t\t<\/section>\n\t\t\t\t\t<\/div>\n\t\t<\/div>\n\t\t\t\t\t<\/div>\n\t\t<\/section>\n\t\t\t\t<\/div>","protected":false},"excerpt":{"rendered":"<p>Aviso Legal: En cumplimiento del art\u00edculo 10 de la Ley 34\/2002, de 11 de julio, de Servicios de la Sociedad de la Informaci\u00f3n y del Comercio Electr\u00f3nico (LSSICE), Cristina Vaduva (en adelante, \u201cDr. Cristina Vaduva\u201d), responsable de esta web, pone a disposici\u00f3n de los Usuarios la presente informaci\u00f3n, para definir sus Condiciones de Uso. Adicionalmente &hellip;<\/p>\n<p class=\"read-more\"> <a class=\"\" href=\"https:\/\/drcristinavaduva.com\/ro\/aviso-legal\/\"> <span class=\"screen-reader-text\">Aviso Legal<\/span> Read More &raquo;<\/a><\/p>","protected":false},"author":1,"featured_media":0,"parent":0,"menu_order":0,"comment_status":"closed","ping_status":"closed","template":"","meta":{"site-sidebar-layout":"no-sidebar","site-content-layout":"page-builder","ast-global-header-display":"","ast-banner-title-visibility":"","ast-main-header-display":"","ast-hfb-above-header-display":"","ast-hfb-below-header-display":"","ast-hfb-mobile-header-display":"","site-post-title":"disabled","ast-breadcrumbs-content":"","ast-featured-img":"disabled","footer-sml-layout":"","theme-transparent-header-meta":"","adv-header-id-meta":"","stick-header-meta":"","header-above-stick-meta":"","header-main-stick-meta":"","header-below-stick-meta":"","footnotes":""},"class_list":["post-1081","page","type-page","status-publish","hentry"],"yoast_head":"<!-- This site is optimized with the Yoast SEO plugin v21.2 - https:\/\/yoast.com\/wordpress\/plugins\/seo\/ -->\n<title>\u25b7 Aviso Legal | Dra Cristina Vaduva<\/title>\n<meta name=\"description\" content=\"\u2705 Descubre los t\u00e9rminos y condiciones que rigen el uso de este sitio web. Aqu\u00ed encontrar\u00e1s informaci\u00f3n sobre la privacidad de tus datos.\" \/>\n<meta name=\"robots\" content=\"index, follow, max-snippet:-1, max-image-preview:large, max-video-preview:-1\" \/>\n<link rel=\"canonical\" href=\"https:\/\/drcristinavaduva.com\/ro\/aviso-legal\/\" \/>\n<meta property=\"og:locale\" content=\"ro_RO\" \/>\n<meta property=\"og:type\" content=\"article\" \/>\n<meta property=\"og:title\" content=\"\u25b7 Aviso Legal | Dra Cristina Vaduva\" \/>\n<meta property=\"og:description\" content=\"\u2705 Descubre los t\u00e9rminos y condiciones que rigen el uso de este sitio web. Aqu\u00ed encontrar\u00e1s informaci\u00f3n sobre la privacidad de tus datos.\" \/>\n<meta property=\"og:url\" content=\"https:\/\/drcristinavaduva.com\/ro\/aviso-legal\/\" \/>\n<meta property=\"og:site_name\" content=\"Dra Cristina Vaduva\" \/>\n<meta property=\"article:modified_time\" content=\"2024-11-13T15:43:35+00:00\" \/>\n<meta name=\"twitter:card\" content=\"summary_large_image\" \/>\n<meta name=\"twitter:label1\" content=\"Timp estimat pentru citire\" \/>\n\t<meta name=\"twitter:data1\" content=\"7 minute\" \/>\n<script type=\"application\/ld+json\" class=\"yoast-schema-graph\">{\"@context\":\"https:\/\/schema.org\",\"@graph\":[{\"@type\":\"WebPage\",\"@id\":\"https:\/\/drcristinavaduva.com\/aviso-legal\/\",\"url\":\"https:\/\/drcristinavaduva.com\/aviso-legal\/\",\"name\":\"\u25b7 Aviso Legal | Dra Cristina Vaduva\",\"isPartOf\":{\"@id\":\"https:\/\/drcristinavaduva.com\/#website\"},\"datePublished\":\"2023-08-24T17:28:46+00:00\",\"dateModified\":\"2024-11-13T15:43:35+00:00\",\"description\":\"\u2705 Descubre los t\u00e9rminos y condiciones que rigen el uso de este sitio web. Aqu\u00ed encontrar\u00e1s informaci\u00f3n sobre la privacidad de tus datos.\",\"breadcrumb\":{\"@id\":\"https:\/\/drcristinavaduva.com\/aviso-legal\/#breadcrumb\"},\"inLanguage\":\"ro-RO\",\"potentialAction\":[{\"@type\":\"ReadAction\",\"target\":[\"https:\/\/drcristinavaduva.com\/aviso-legal\/\"]}]},{\"@type\":\"BreadcrumbList\",\"@id\":\"https:\/\/drcristinavaduva.com\/aviso-legal\/#breadcrumb\",\"itemListElement\":[{\"@type\":\"ListItem\",\"position\":1,\"name\":\"Portada\",\"item\":\"https:\/\/drcristinavaduva.com\/\"},{\"@type\":\"ListItem\",\"position\":2,\"name\":\"Aviso Legal\"}]},{\"@type\":\"WebSite\",\"@id\":\"https:\/\/drcristinavaduva.com\/#website\",\"url\":\"https:\/\/drcristinavaduva.com\/\",\"name\":\"Dra Cristina Vaduva\",\"description\":\"\",\"potentialAction\":[{\"@type\":\"SearchAction\",\"target\":{\"@type\":\"EntryPoint\",\"urlTemplate\":\"https:\/\/drcristinavaduva.com\/?s={search_term_string}\"},\"query-input\":\"required name=search_term_string\"}],\"inLanguage\":\"ro-RO\"}]}<\/script>\n<!-- \/ Yoast SEO plugin. -->","yoast_head_json":{"title":"\u25b7 Aviso Legal | Dra Cristina Vaduva","description":"\u2705 Descubre los t\u00e9rminos y condiciones que rigen el uso de este sitio web. Aqu\u00ed encontrar\u00e1s informaci\u00f3n sobre la privacidad de tus datos.","robots":{"index":"index","follow":"follow","max-snippet":"max-snippet:-1","max-image-preview":"max-image-preview:large","max-video-preview":"max-video-preview:-1"},"canonical":"https:\/\/drcristinavaduva.com\/ro\/aviso-legal\/","og_locale":"ro_RO","og_type":"article","og_title":"\u25b7 Aviso Legal | Dra Cristina Vaduva","og_description":"\u2705 Descubre los t\u00e9rminos y condiciones que rigen el uso de este sitio web. Aqu\u00ed encontrar\u00e1s informaci\u00f3n sobre la privacidad de tus datos.","og_url":"https:\/\/drcristinavaduva.com\/ro\/aviso-legal\/","og_site_name":"Dra Cristina Vaduva","article_modified_time":"2024-11-13T15:43:35+00:00","twitter_card":"summary_large_image","twitter_misc":{"Timp estimat pentru citire":"7 minute"},"schema":{"@context":"https:\/\/schema.org","@graph":[{"@type":"WebPage","@id":"https:\/\/drcristinavaduva.com\/aviso-legal\/","url":"https:\/\/drcristinavaduva.com\/aviso-legal\/","name":"\u25b7 Aviso Legal | Dra Cristina Vaduva","isPartOf":{"@id":"https:\/\/drcristinavaduva.com\/#website"},"datePublished":"2023-08-24T17:28:46+00:00","dateModified":"2024-11-13T15:43:35+00:00","description":"\u2705 Descubre los t\u00e9rminos y condiciones que rigen el uso de este sitio web. Aqu\u00ed encontrar\u00e1s informaci\u00f3n sobre la privacidad de tus datos.","breadcrumb":{"@id":"https:\/\/drcristinavaduva.com\/aviso-legal\/#breadcrumb"},"inLanguage":"ro-RO","potentialAction":[{"@type":"ReadAction","target":["https:\/\/drcristinavaduva.com\/aviso-legal\/"]}]},{"@type":"BreadcrumbList","@id":"https:\/\/drcristinavaduva.com\/aviso-legal\/#breadcrumb","itemListElement":[{"@type":"ListItem","position":1,"name":"Portada","item":"https:\/\/drcristinavaduva.com\/"},{"@type":"ListItem","position":2,"name":"Aviso Legal"}]},{"@type":"WebSite","@id":"https:\/\/drcristinavaduva.com\/#website","url":"https:\/\/drcristinavaduva.com\/","name":"Dra Cristina Vaduva","description":"","potentialAction":[{"@type":"SearchAction","target":{"@type":"EntryPoint","urlTemplate":"https:\/\/drcristinavaduva.com\/?s={search_term_string}"},"query-input":"required name=search_term_string"}],"inLanguage":"ro-RO"}]}},"_links":{"self":[{"href":"https:\/\/drcristinavaduva.com\/ro\/wp-json\/wp\/v2\/pages\/1081","targetHints":{"allow":["GET"]}}],"collection":[{"href":"https:\/\/drcristinavaduva.com\/ro\/wp-json\/wp\/v2\/pages"}],"about":[{"href":"https:\/\/drcristinavaduva.com\/ro\/wp-json\/wp\/v2\/types\/page"}],"author":[{"embeddable":true,"href":"https:\/\/drcristinavaduva.com\/ro\/wp-json\/wp\/v2\/users\/1"}],"replies":[{"embeddable":true,"href":"https:\/\/drcristinavaduva.com\/ro\/wp-json\/wp\/v2\/comments?post=1081"}],"version-history":[{"count":16,"href":"https:\/\/drcristinavaduva.com\/ro\/wp-json\/wp\/v2\/pages\/1081\/revisions"}],"predecessor-version":[{"id":1097,"href":"https:\/\/drcristinavaduva.com\/ro\/wp-json\/wp\/v2\/pages\/1081\/revisions\/1097"}],"wp:attachment":[{"href":"https:\/\/drcristinavaduva.com\/ro\/wp-json\/wp\/v2\/media?parent=1081"}],"curies":[{"name":"wp","href":"https:\/\/api.w.org\/{rel}","templated":true}]}}